{"id":267,"date":"2025-05-23T01:59:53","date_gmt":"2025-05-23T01:59:53","guid":{"rendered":"https:\/\/bridgeexclusivos.com\/?page_id=267"},"modified":"2025-09-03T05:32:51","modified_gmt":"2025-09-03T05:32:51","slug":"service-bridge-exclusivos","status":"publish","type":"page","link":"https:\/\/bridgeexclusivos.com\/index.php\/service-bridge-exclusivos\/","title":{"rendered":"Service | Bridge Exclusivos"},"content":{"rendered":"\t\t<div data-elementor-type=\"wp-page\" data-elementor-id=\"267\" class=\"elementor elementor-267\" data-elementor-post-type=\"page\">\n\t\t\t\t<div data-dce-background-color=\"#2A2A2A\" data-dce-background-overlay-color=\"#0000007A\" data-dce-background-image-url=\"https:\/\/bridgeexclusivos.com\/wp-content\/uploads\/2025\/08\/Service-1.avif\" class=\"elementor-element elementor-element-70e58f5 e-con-full e-flex e-con e-parent\" data-id=\"70e58f5\" data-element_type=\"container\" data-e-type=\"container\" data-settings=\"{&quot;background_background&quot;:&quot;classic&quot;}\">\n\t\t<div class=\"elementor-element elementor-element-618e7e7 e-con-full e-flex e-con e-child\" data-id=\"618e7e7\" data-element_type=\"container\" data-e-type=\"container\">\n\t\t\t\t<div data-dce-title-color=\"#FFFFFF\" class=\"elementor-element elementor-element-6b0b24f elementor-widget elementor-widget-heading\" data-id=\"6b0b24f\" data-element_type=\"widget\" data-e-type=\"widget\" data-widget_type=\"heading.default\">\n\t\t\t\t<div class=\"elementor-widget-container\">\n\t\t\t\t\t<h2 class=\"elementor-heading-title elementor-size-default\">Service Audi<\/h2>\t\t\t\t<\/div>\n\t\t\t\t<\/div>\n\t\t\t\t<div data-dce-text-color=\"#FFFFFF\" class=\"elementor-element elementor-element-e43587d elementor-widget elementor-widget-text-editor\" data-id=\"e43587d\" data-element_type=\"widget\" data-e-type=\"widget\" data-widget_type=\"text-editor.default\">\n\t\t\t\t<div class=\"elementor-widget-container\">\n\t\t\t\t\t\t\t\t\t<p class=\"uk-h3 uk-font-tertiary uk-margin uk-margin-remove-top\">El mejor plan de mantenimiento oficial<\/p>\t\t\t\t\t\t\t\t<\/div>\n\t\t\t\t<\/div>\n\t\t<div class=\"elementor-element elementor-element-f63632f e-con-full e-flex e-con e-child\" data-id=\"f63632f\" data-element_type=\"container\" data-e-type=\"container\">\n\t\t\t\t<div data-dce-background-color=\"#FFFFFF\" class=\"elementor-element elementor-element-6dcdf0f elementor-widget__width-auto elementor-widget-mobile__width-initial elementor-widget elementor-widget-button\" data-id=\"6dcdf0f\" data-element_type=\"widget\" data-e-type=\"widget\" data-widget_type=\"button.default\">\n\t\t\t\t<div class=\"elementor-widget-container\">\n\t\t\t\t\t\t\t\t\t<div class=\"elementor-button-wrapper\">\n\t\t\t\t\t<a class=\"elementor-button elementor-button-link elementor-size-sm\" href=\"https:\/\/wa.me\/5492964476150\">\n\t\t\t\t\t\t<span class=\"elementor-button-content-wrapper\">\n\t\t\t\t\t\t\t\t\t<span class=\"elementor-button-text\">Solicitar Turno<\/span>\n\t\t\t\t\t<\/span>\n\t\t\t\t\t<\/a>\n\t\t\t\t<\/div>\n\t\t\t\t\t\t\t\t<\/div>\n\t\t\t\t<\/div>\n\t\t\t\t<div data-dce-background-color=\"#FFFFFF00\" class=\"elementor-element elementor-element-4edd736 elementor-widget__width-auto elementor-widget-mobile__width-initial elementor-widget elementor-widget-button\" data-id=\"4edd736\" data-element_type=\"widget\" data-e-type=\"widget\" data-widget_type=\"button.default\">\n\t\t\t\t<div class=\"elementor-widget-container\">\n\t\t\t\t\t\t\t\t\t<div class=\"elementor-button-wrapper\">\n\t\t\t\t\t<a class=\"elementor-button elementor-button-link elementor-size-sm\" href=\"#plande\" id=\"#plande\">\n\t\t\t\t\t\t<span class=\"elementor-button-content-wrapper\">\n\t\t\t\t\t\t\t\t\t<span class=\"elementor-button-text\">Ver m\u00e1s<\/span>\n\t\t\t\t\t<\/span>\n\t\t\t\t\t<\/a>\n\t\t\t\t<\/div>\n\t\t\t\t\t\t\t\t<\/div>\n\t\t\t\t<\/div>\n\t\t\t\t<\/div>\n\t\t\t\t<\/div>\n\t\t\t\t<\/div>\n\t\t<div class=\"elementor-element elementor-element-2f79eb2 e-con-full e-flex e-con e-parent\" data-id=\"2f79eb2\" data-element_type=\"container\" data-e-type=\"container\">\n\t\t<div class=\"elementor-element elementor-element-e9eac24 e-con-full e-flex e-con e-child\" data-id=\"e9eac24\" data-element_type=\"container\" data-e-type=\"container\">\n\t\t\t\t<div data-dce-title-color=\"#111111\" class=\"elementor-element elementor-element-ff369ac elementor-widget elementor-widget-heading\" data-id=\"ff369ac\" data-element_type=\"widget\" data-e-type=\"widget\" data-widget_type=\"heading.default\">\n\t\t\t\t<div class=\"elementor-widget-container\">\n\t\t\t\t\t<h2 class=\"elementor-heading-title elementor-size-default\">Plan de mantenimiento<\/h2>\t\t\t\t<\/div>\n\t\t\t\t<\/div>\n\t\t\t\t<div class=\"elementor-element elementor-element-e97d658 elementor-widget elementor-widget-text-editor\" data-id=\"e97d658\" data-element_type=\"widget\" data-e-type=\"widget\" id=\"plande\" data-widget_type=\"text-editor.default\">\n\t\t\t\t<div class=\"elementor-widget-container\">\n\t\t\t\t\t\t\t\t\t<p>Cada vez que revisemos tu veh\u00edculo, lo vas a sentir como nuevo. Porque somos los \u00fanicos que dise\u00f1amos, estudiamos y analizamos tu Audi antes de ponerlo en funcionamiento. Porque conocemos tu veh\u00edculo como si fuera nuestro, su mec\u00e1nica, su electr\u00f3nica y toda su tecnolog\u00eda.\u00a0Y porque solo los ingenieros que lo crearon, son capaces de elaborar el mejor Plan de Mantenimiento.<\/p>\t\t\t\t\t\t\t\t<\/div>\n\t\t\t\t<\/div>\n\t\t\t\t<\/div>\n\t\t\t\t<\/div>\n\t\t<div class=\"elementor-element elementor-element-8e002cc e-con-full e-flex e-con e-parent\" data-id=\"8e002cc\" data-element_type=\"container\" data-e-type=\"container\">\n\t\t<div data-dce-background-color=\"#000000\" class=\"elementor-element elementor-element-2af1e2b e-con-full e-flex e-con e-child\" data-id=\"2af1e2b\" data-element_type=\"container\" data-e-type=\"container\" data-settings=\"{&quot;background_background&quot;:&quot;classic&quot;}\">\n\t\t<div class=\"elementor-element elementor-element-e80aac9 e-con-full elementor-hidden-mobile e-flex e-con e-child\" data-id=\"e80aac9\" data-element_type=\"container\" data-e-type=\"container\">\n\t\t\t\t<\/div>\n\t\t<div class=\"elementor-element elementor-element-48b31d1 e-con-full e-flex e-con e-child\" data-id=\"48b31d1\" data-element_type=\"container\" data-e-type=\"container\">\n\t\t\t\t<div data-dce-title-color=\"#FFFFFF\" class=\"elementor-element elementor-element-b7920fd elementor-widget elementor-widget-heading\" data-id=\"b7920fd\" data-element_type=\"widget\" data-e-type=\"widget\" data-widget_type=\"heading.default\">\n\t\t\t\t<div class=\"elementor-widget-container\">\n\t\t\t\t\t<h2 class=\"elementor-heading-title elementor-size-default\">Inspecciones<\/h2>\t\t\t\t<\/div>\n\t\t\t\t<\/div>\n\t\t\t\t<div data-dce-text-color=\"#FFFFFF\" class=\"elementor-element elementor-element-6c1df33 elementor-widget elementor-widget-text-editor\" data-id=\"6c1df33\" data-element_type=\"widget\" data-e-type=\"widget\" data-widget_type=\"text-editor.default\">\n\t\t\t\t<div class=\"elementor-widget-container\">\n\t\t\t\t\t\t\t\t\t<p>Las inspecciones peri\u00f3dicas son clave para preservar la seguridad, el rendimiento y la garant\u00eda de tu Audi. En nuestro taller oficial, cada revisi\u00f3n sigue los est\u00e1ndares de f\u00e1brica, asegurando que tu veh\u00edculo se mantenga siempre como el primer d\u00eda.<\/p>\t\t\t\t\t\t\t\t<\/div>\n\t\t\t\t<\/div>\n\t\t\t\t<div data-dce-background-color=\"#FFFFFF\" class=\"elementor-element elementor-element-f2d71aa elementor-widget__width-auto elementor-widget-mobile__width-auto elementor-invisible elementor-widget elementor-widget-button\" data-id=\"f2d71aa\" data-element_type=\"widget\" data-e-type=\"widget\" data-settings=\"{&quot;_animation&quot;:&quot;fadeInLeft&quot;}\" data-widget_type=\"button.default\">\n\t\t\t\t<div class=\"elementor-widget-container\">\n\t\t\t\t\t\t\t\t\t<div class=\"elementor-button-wrapper\">\n\t\t\t\t\t<a class=\"elementor-button elementor-button-link elementor-size-sm\" href=\"https:\/\/wa.me\/5492964476150\">\n\t\t\t\t\t\t<span class=\"elementor-button-content-wrapper\">\n\t\t\t\t\t\t\t\t\t<span class=\"elementor-button-text\">Solicitar turno<\/span>\n\t\t\t\t\t<\/span>\n\t\t\t\t\t<\/a>\n\t\t\t\t<\/div>\n\t\t\t\t\t\t\t\t<\/div>\n\t\t\t\t<\/div>\n\t\t\t\t<\/div>\n\t\t<div class=\"elementor-element elementor-element-a2bd2e6 e-con-full elementor-hidden-mobile e-flex e-con e-child\" data-id=\"a2bd2e6\" data-element_type=\"container\" data-e-type=\"container\">\n\t\t\t\t<\/div>\n\t\t\t\t<\/div>\n\t\t<div data-dce-background-image-url=\"https:\/\/bridgeexclusivos.com\/wp-content\/uploads\/2025\/08\/Service-2-scaled.avif\" class=\"elementor-element elementor-element-d0cfdfa e-con-full e-flex e-con e-child\" data-id=\"d0cfdfa\" data-element_type=\"container\" data-e-type=\"container\" data-settings=\"{&quot;background_background&quot;:&quot;classic&quot;}\">\n\t\t\t\t<\/div>\n\t\t\t\t<\/div>\n\t\t<div class=\"elementor-element elementor-element-50b67a5 e-con-full e-flex e-con e-parent\" data-id=\"50b67a5\" data-element_type=\"container\" data-e-type=\"container\">\n\t\t<div data-dce-background-color=\"#DDDDDD\" class=\"elementor-element elementor-element-9d5dbf3 e-con-full e-flex e-con e-child\" data-id=\"9d5dbf3\" data-element_type=\"container\" data-e-type=\"container\" data-settings=\"{&quot;background_background&quot;:&quot;classic&quot;}\">\n\t\t<div class=\"elementor-element elementor-element-81b54c9 e-con-full elementor-hidden-mobile e-flex e-con e-child\" data-id=\"81b54c9\" data-element_type=\"container\" data-e-type=\"container\">\n\t\t\t\t<\/div>\n\t\t<div class=\"elementor-element elementor-element-47a528b e-con-full e-flex e-con e-child\" data-id=\"47a528b\" data-element_type=\"container\" data-e-type=\"container\">\n\t\t\t\t<div data-dce-title-color=\"#313131\" class=\"elementor-element elementor-element-67ebc0a elementor-widget elementor-widget-heading\" data-id=\"67ebc0a\" data-element_type=\"widget\" data-e-type=\"widget\" data-widget_type=\"heading.default\">\n\t\t\t\t<div class=\"elementor-widget-container\">\n\t\t\t\t\t<h2 class=\"elementor-heading-title elementor-size-default\">Servicio de carrocer\u00eda<\/h2>\t\t\t\t<\/div>\n\t\t\t\t<\/div>\n\t\t\t\t<div data-dce-text-color=\"#1E1E1E\" class=\"elementor-element elementor-element-c04877f elementor-widget elementor-widget-text-editor\" data-id=\"c04877f\" data-element_type=\"widget\" data-e-type=\"widget\" data-widget_type=\"text-editor.default\">\n\t\t\t\t<div class=\"elementor-widget-container\">\n\t\t\t\t\t\t\t\t\t<p>Golpes, rayones o abolladuras: Tu Audi puede atravesar mucho en el camino. Nuestro equipo especializado lo deja como nuevo, manteniendo su dise\u00f1o y calidad original<\/p>\t\t\t\t\t\t\t\t<\/div>\n\t\t\t\t<\/div>\n\t\t\t\t<div data-dce-background-color=\"#161616\" class=\"elementor-element elementor-element-5f66bff elementor-widget__width-auto elementor-widget-mobile__width-inherit elementor-widget elementor-widget-button\" data-id=\"5f66bff\" data-element_type=\"widget\" data-e-type=\"widget\" data-widget_type=\"button.default\">\n\t\t\t\t<div class=\"elementor-widget-container\">\n\t\t\t\t\t\t\t\t\t<div class=\"elementor-button-wrapper\">\n\t\t\t\t\t<a class=\"elementor-button elementor-button-link elementor-size-sm\" href=\"https:\/\/wa.me\/5492964476150\">\n\t\t\t\t\t\t<span class=\"elementor-button-content-wrapper\">\n\t\t\t\t\t\t\t\t\t<span class=\"elementor-button-text\">Solicitar turno<\/span>\n\t\t\t\t\t<\/span>\n\t\t\t\t\t<\/a>\n\t\t\t\t<\/div>\n\t\t\t\t\t\t\t\t<\/div>\n\t\t\t\t<\/div>\n\t\t\t\t<\/div>\n\t\t<div class=\"elementor-element elementor-element-2dd34c4 e-con-full elementor-hidden-mobile e-flex e-con e-child\" data-id=\"2dd34c4\" data-element_type=\"container\" data-e-type=\"container\">\n\t\t\t\t<\/div>\n\t\t\t\t<\/div>\n\t\t<div data-dce-background-image-url=\"https:\/\/bridgeexclusivos.com\/wp-content\/uploads\/2025\/08\/Service-3-scaled.jpg\" class=\"elementor-element elementor-element-81f379d e-con-full e-flex e-con e-child\" data-id=\"81f379d\" data-element_type=\"container\" data-e-type=\"container\" data-settings=\"{&quot;background_background&quot;:&quot;classic&quot;}\">\n\t\t\t\t<\/div>\n\t\t\t\t<\/div>\n\t\t<div class=\"elementor-element elementor-element-7d69576 e-con-full e-flex e-con e-parent\" data-id=\"7d69576\" data-element_type=\"container\" data-e-type=\"container\">\n\t\t<div data-dce-background-color=\"#000000\" class=\"elementor-element elementor-element-8cc4901 e-con-full e-flex e-con e-child\" data-id=\"8cc4901\" data-element_type=\"container\" data-e-type=\"container\" data-settings=\"{&quot;background_background&quot;:&quot;classic&quot;}\">\n\t\t<div class=\"elementor-element elementor-element-c076d86 e-con-full elementor-hidden-mobile e-flex e-con e-child\" data-id=\"c076d86\" data-element_type=\"container\" data-e-type=\"container\">\n\t\t\t\t<\/div>\n\t\t<div class=\"elementor-element elementor-element-728a9e7 e-con-full e-flex e-con e-child\" data-id=\"728a9e7\" data-element_type=\"container\" data-e-type=\"container\">\n\t\t\t\t<div data-dce-title-color=\"#FFFFFF\" class=\"elementor-element elementor-element-729f47c elementor-widget elementor-widget-heading\" data-id=\"729f47c\" data-element_type=\"widget\" data-e-type=\"widget\" data-widget_type=\"heading.default\">\n\t\t\t\t<div class=\"elementor-widget-container\">\n\t\t\t\t\t<h2 class=\"elementor-heading-title elementor-size-default\">Servico de mec\u00e1nica<\/h2>\t\t\t\t<\/div>\n\t\t\t\t<\/div>\n\t\t\t\t<div data-dce-text-color=\"#FFFFFF\" class=\"elementor-element elementor-element-f862036 elementor-widget elementor-widget-text-editor\" data-id=\"f862036\" data-element_type=\"widget\" data-e-type=\"widget\" data-widget_type=\"text-editor.default\">\n\t\t\t\t<div class=\"elementor-widget-container\">\n\t\t\t\t\t\t\t\t\t<p>Nuestro taller cuenta con tecnolog\u00eda de \u00faltima generaci\u00f3n y herramientas aprobadas por Audi. Los t\u00e9cnicos especializados, formados directamente por la marca, realizan diagn\u00f3sticos precisos y reparaciones que garantizan el m\u00e1ximo rendimiento de tu veh\u00edculo, como si acabara de salir de f\u00e1brica.<\/p>\t\t\t\t\t\t\t\t<\/div>\n\t\t\t\t<\/div>\n\t\t\t\t<div data-dce-background-color=\"#FFFFFF\" class=\"elementor-element elementor-element-c1a1c89 elementor-widget__width-auto elementor-widget-mobile__width-auto elementor-widget elementor-widget-button\" data-id=\"c1a1c89\" data-element_type=\"widget\" data-e-type=\"widget\" data-widget_type=\"button.default\">\n\t\t\t\t<div class=\"elementor-widget-container\">\n\t\t\t\t\t\t\t\t\t<div class=\"elementor-button-wrapper\">\n\t\t\t\t\t<a class=\"elementor-button elementor-button-link elementor-size-sm\" href=\"https:\/\/wa.me\/5492964476150\">\n\t\t\t\t\t\t<span class=\"elementor-button-content-wrapper\">\n\t\t\t\t\t\t\t\t\t<span class=\"elementor-button-text\">Solicitar turno<\/span>\n\t\t\t\t\t<\/span>\n\t\t\t\t\t<\/a>\n\t\t\t\t<\/div>\n\t\t\t\t\t\t\t\t<\/div>\n\t\t\t\t<\/div>\n\t\t\t\t<\/div>\n\t\t<div class=\"elementor-element elementor-element-7fda05d e-con-full elementor-hidden-mobile e-flex e-con e-child\" data-id=\"7fda05d\" data-element_type=\"container\" data-e-type=\"container\">\n\t\t\t\t<\/div>\n\t\t\t\t<\/div>\n\t\t<div data-dce-background-image-url=\"https:\/\/bridgeexclusivos.com\/wp-content\/uploads\/2025\/08\/Service-4-scaled.jpg\" class=\"elementor-element elementor-element-082c1b0 e-con-full e-flex e-con e-child\" data-id=\"082c1b0\" data-element_type=\"container\" data-e-type=\"container\" data-settings=\"{&quot;background_background&quot;:&quot;classic&quot;}\">\n\t\t\t\t<\/div>\n\t\t\t\t<\/div>\n\t\t\t\t<\/div>\n\t\t","protected":false},"excerpt":{"rendered":"<p>Service Audi El mejor plan de mantenimiento oficial Solicitar Turno Ver m\u00e1s Plan de mantenimiento Cada vez que revisemos tu veh\u00edculo, lo vas a sentir como nuevo. Porque somos los \u00fanicos que dise\u00f1amos, estudiamos y analizamos tu Audi antes de ponerlo en funcionamiento. Porque conocemos tu veh\u00edculo como si fuera nuestro, su mec\u00e1nica, su electr\u00f3nica [&hellip;]<\/p>\n","protected":false},"author":1,"featured_media":0,"parent":0,"menu_order":0,"comment_status":"closed","ping_status":"closed","template":"","meta":{"footnotes":""},"class_list":["post-267","page","type-page","status-publish","hentry"],"_links":{"self":[{"href":"https:\/\/bridgeexclusivos.com\/index.php\/wp-json\/wp\/v2\/pages\/267","targetHints":{"allow":["GET"]}}],"collection":[{"href":"https:\/\/bridgeexclusivos.com\/index.php\/wp-json\/wp\/v2\/pages"}],"about":[{"href":"https:\/\/bridgeexclusivos.com\/index.php\/wp-json\/wp\/v2\/types\/page"}],"author":[{"embeddable":true,"href":"https:\/\/bridgeexclusivos.com\/index.php\/wp-json\/wp\/v2\/users\/1"}],"replies":[{"embeddable":true,"href":"https:\/\/bridgeexclusivos.com\/index.php\/wp-json\/wp\/v2\/comments?post=267"}],"version-history":[{"count":82,"href":"https:\/\/bridgeexclusivos.com\/index.php\/wp-json\/wp\/v2\/pages\/267\/revisions"}],"predecessor-version":[{"id":1621,"href":"https:\/\/bridgeexclusivos.com\/index.php\/wp-json\/wp\/v2\/pages\/267\/revisions\/1621"}],"wp:attachment":[{"href":"https:\/\/bridgeexclusivos.com\/index.php\/wp-json\/wp\/v2\/media?parent=267"}],"curies":[{"name":"wp","href":"https:\/\/api.w.org\/{rel}","templated":true}]}}